{"id":5791,"date":"2024-12-04T15:41:59","date_gmt":"2024-12-04T13:41:59","guid":{"rendered":"https:\/\/verbeek-hi.com\/a-propos-de-verbeek-hi\/"},"modified":"2025-02-24T12:28:45","modified_gmt":"2025-02-24T10:28:45","slug":"a-propos-de-verbeek-hi","status":"publish","type":"page","link":"https:\/\/verbeek-hi.com\/fr\/a-propos-de-verbeek-hi\/","title":{"rendered":"\u00c0 propos de Verbeek-hi"},"content":{"rendered":"<p>[et_pb_section fb_built=\u00a0\u00bb1&Prime; custom_padding_last_edited=\u00a0\u00bboff|desktop\u00a0\u00bb _builder_version=\u00a0\u00bb4.27.4&Prime; _module_preset=\u00a0\u00bbdefault\u00a0\u00bb background_image=\u00a0\u00bbhttps:\/\/verbeek-hi.com\/wp-content\/uploads\/about-verbeek-hi-1.webp\u00a0\u00bb custom_padding=\u00a0\u00bb0px||0px||true|false\u00a0\u00bb global_colors_info=\u00a0\u00bb{}\u00a0\u00bb][et_pb_row _builder_version=\u00a0\u00bb4.27.4&Prime; _module_preset=\u00a0\u00bbdefault\u00a0\u00bb global_colors_info=\u00a0\u00bb{}\u00a0\u00bb][et_pb_column type=\u00a0\u00bb4_4&Prime; _builder_version=\u00a0\u00bb4.27.4&Prime; _module_preset=\u00a0\u00bbdefault\u00a0\u00bb global_colors_info=\u00a0\u00bb{}\u00a0\u00bb][et_pb_divider show_divider=\u00a0\u00bboff\u00a0\u00bb _builder_version=\u00a0\u00bb4.27.4&Prime; _module_preset=\u00a0\u00bbdefault\u00a0\u00bb min_height=\u00a0\u00bb540px\u00a0\u00bb min_height_tablet=\u00a0\u00bb360px\u00a0\u00bb min_height_phone=\u00a0\u00bb240px\u00a0\u00bb min_height_last_edited=\u00a0\u00bbon|phone\u00a0\u00bb height_last_edited=\u00a0\u00bboff|desktop\u00a0\u00bb global_colors_info=\u00a0\u00bb{}\u00a0\u00bb][\/et_pb_divider][\/et_pb_column][\/et_pb_row][\/et_pb_section][et_pb_section fb_built=\u00a0\u00bb1&Prime; _builder_version=\u00a0\u00bb4.27.4&Prime; _module_preset=\u00a0\u00bbdefault\u00a0\u00bb custom_padding=\u00a0\u00bb100px||100px||true|false\u00a0\u00bb custom_padding_tablet=\u00a0\u00bb60px||60px||true|false\u00a0\u00bb custom_padding_phone=\u00a0\u00bb40px||40px||true|false\u00a0\u00bb global_colors_info=\u00a0\u00bb{}\u00a0\u00bb][et_pb_row _builder_version=\u00a0\u00bb4.27.4&Prime; _module_preset=\u00a0\u00bbdefault\u00a0\u00bb max_width=\u00a0\u00bb1220px\u00a0\u00bb global_colors_info=\u00a0\u00bb{}\u00a0\u00bb][et_pb_column type=\u00a0\u00bb4_4&Prime; _builder_version=\u00a0\u00bb4.27.4&Prime; _module_preset=\u00a0\u00bbdefault\u00a0\u00bb global_colors_info=\u00a0\u00bb{}\u00a0\u00bb][et_pb_text _builder_version=\u00a0\u00bb4.27.4&Prime; _module_preset=\u00a0\u00bbdefault\u00a0\u00bb global_colors_info=\u00a0\u00bb{}\u00a0\u00bb]<\/p>\n<h1>\u00c0 propos de Verbeek Hatcheries International<\/h1>\n<p>[\/et_pb_text][\/et_pb_column][\/et_pb_row][et_pb_row column_structure=\u00a0\u00bb1_2,1_2&Prime; _builder_version=\u00a0\u00bb4.27.4&Prime; _module_preset=\u00a0\u00bbdefault\u00a0\u00bb max_width=\u00a0\u00bb1220px\u00a0\u00bb global_colors_info=\u00a0\u00bb{}\u00a0\u00bb][et_pb_column type=\u00a0\u00bb1_2&Prime; _builder_version=\u00a0\u00bb4.16&Prime; _module_preset=\u00a0\u00bbdefault\u00a0\u00bb global_colors_info=\u00a0\u00bb{}\u00a0\u00bb][et_pb_text _builder_version=\u00a0\u00bb4.27.4&Prime; _module_preset=\u00a0\u00bbdefault\u00a0\u00bb global_colors_info=\u00a0\u00bb{}\u00a0\u00bb]Verbeek Hatcheries International se sp\u00e9cialise dans l&rsquo;exportation d&rsquo;\u0153ufs \u00e0 couver et de poussins d&rsquo;un jour de la plus haute qualit\u00e9 vers des march\u00e9s du monde entier. Forts de l&rsquo;h\u00e9ritage riche de Verbeek, nous continuons de respecter les normes les plus \u00e9lev\u00e9es en mati\u00e8re de g\u00e9n\u00e9tique avicole, garantissant \u00e0 nos clients des animaux robustes et en bonne sant\u00e9.[\/et_pb_text][\/et_pb_column][et_pb_column type=\u00a0\u00bb1_2&Prime; _builder_version=\u00a0\u00bb4.16&Prime; _module_preset=\u00a0\u00bbdefault\u00a0\u00bb global_colors_info=\u00a0\u00bb{}\u00a0\u00bb][et_pb_text _builder_version=\u00a0\u00bb4.27.4&Prime; _module_preset=\u00a0\u00bbdefault\u00a0\u00bb global_colors_info=\u00a0\u00bb{}\u00a0\u00bb]<\/p>\n<p>Avec des d\u00e9cennies d&rsquo;exp\u00e9rience et un engagement envers l&rsquo;excellence, <strong>notre mission est de fournir le meilleur potentiel g\u00e9n\u00e9tique pour vos op\u00e9rations avicoles<\/strong>. Que vous recherchiez des \u0153ufs \u00e0 couver ou des poussins d&rsquo;un jour, nous offrons des produits conformes aux normes mondiales de sant\u00e9 et de qualit\u00e9, soutenus par une \u00e9quipe d&rsquo;experts d\u00e9di\u00e9e \u00e0 votre succ\u00e8s.<\/p>\n<p>[\/et_pb_text][\/et_pb_column][\/et_pb_row][\/et_pb_section][et_pb_section fb_built=\u00a0\u00bb1&Prime; _builder_version=\u00a0\u00bb4.27.4&Prime; _module_preset=\u00a0\u00bbdefault\u00a0\u00bb custom_padding=\u00a0\u00bb100px||40px||false|false\u00a0\u00bb custom_padding_tablet=\u00a0\u00bb60px||60px||true|false\u00a0\u00bb global_colors_info=\u00a0\u00bb{}\u00a0\u00bb][et_pb_row _builder_version=\u00a0\u00bb4.27.4&Prime; _module_preset=\u00a0\u00bbdefault\u00a0\u00bb max_width=\u00a0\u00bb1220px\u00a0\u00bb custom_margin=\u00a0\u00bb||60px||false|false\u00a0\u00bb custom_margin_tablet=\u00a0\u00bb||40px||false|false\u00a0\u00bb custom_margin_phone=\u00a0\u00bb||20px||false|false\u00a0\u00bb custom_margin_last_edited=\u00a0\u00bbon|phone\u00a0\u00bb global_colors_info=\u00a0\u00bb{}\u00a0\u00bb][et_pb_column type=\u00a0\u00bb4_4&Prime; _builder_version=\u00a0\u00bb4.27.4&Prime; _module_preset=\u00a0\u00bbdefault\u00a0\u00bb global_colors_info=\u00a0\u00bb{}\u00a0\u00bb][et_pb_text _builder_version=\u00a0\u00bb4.27.4&Prime; _module_preset=\u00a0\u00bbdefault\u00a0\u00bb global_colors_info=\u00a0\u00bb{}\u00a0\u00bb]<\/p>\n<h2>Nos valeurs fondamentales<\/h2>\n<p>[\/et_pb_text][\/et_pb_column][\/et_pb_row][et_pb_row column_structure=\u00a0\u00bb1_3,1_3,1_3&Prime; use_custom_gutter=\u00a0\u00bbon\u00a0\u00bb gutter_width=\u00a0\u00bb4&Prime; custom_padding_last_edited=\u00a0\u00bbon|tablet\u00a0\u00bb _builder_version=\u00a0\u00bb4.27.4&Prime; _module_preset=\u00a0\u00bbdefault\u00a0\u00bb max_width=\u00a0\u00bb1440px\u00a0\u00bb custom_padding=\u00a0\u00bb0px|110px|0px|110px|true|true\u00a0\u00bb custom_padding_tablet=\u00a0\u00bb0px|0px|0px|0px|true|true\u00a0\u00bb custom_padding_phone=\u00a0\u00bb0px|0px|0px|0px|true|true\u00a0\u00bb global_colors_info=\u00a0\u00bb{}\u00a0\u00bb][et_pb_column type=\u00a0\u00bb1_3&Prime; _builder_version=\u00a0\u00bb4.27.4&Prime; _module_preset=\u00a0\u00bbdefault\u00a0\u00bb custom_padding=\u00a0\u00bb|85px|||false|false\u00a0\u00bb custom_padding_tablet=\u00a0\u00bb|0px|||false|false\u00a0\u00bb custom_padding_phone=\u00a0\u00bb|0px|||false|false\u00a0\u00bb custom_padding_last_edited=\u00a0\u00bbon|desktop\u00a0\u00bb global_colors_info=\u00a0\u00bb{}\u00a0\u00bb][et_pb_blurb title=\u00a0\u00bbQualit\u00e9\u00a0\u00bb use_icon=\u00a0\u00bbon\u00a0\u00bb font_icon=\u00a0\u00bb&#xf00c;||fa||900&Prime; icon_color=\u00a0\u00bb#133372&Prime; image_icon_width=\u00a0\u00bb26px\u00a0\u00bb _builder_version=\u00a0\u00bb4.27.4&Prime; _module_preset=\u00a0\u00bba231445e-1450-4774-8be1-25ad2b3b58c2&Prime; global_colors_info=\u00a0\u00bb{}\u00a0\u00bb]<\/p>\n<p>Une qualit\u00e9 in\u00e9gal\u00e9e dans tous les aspects de nos produits et services.<\/p>\n<p>[\/et_pb_blurb][\/et_pb_column][et_pb_column type=\u00a0\u00bb1_3&Prime; _builder_version=\u00a0\u00bb4.27.4&Prime; _module_preset=\u00a0\u00bbdefault\u00a0\u00bb custom_padding=\u00a0\u00bb|85px|||false|false\u00a0\u00bb custom_padding_tablet=\u00a0\u00bb|0px|||false|false\u00a0\u00bb custom_padding_phone=\u00a0\u00bb|0px|||false|false\u00a0\u00bb custom_padding_last_edited=\u00a0\u00bbon|desktop\u00a0\u00bb global_colors_info=\u00a0\u00bb{}\u00a0\u00bb][et_pb_blurb title=\u00a0\u00bbFiabilit\u00e9\u00a0\u00bb use_icon=\u00a0\u00bbon\u00a0\u00bb font_icon=\u00a0\u00bb&#xf00c;||fa||900&Prime; icon_color=\u00a0\u00bb#133372&Prime; image_icon_width=\u00a0\u00bb26px\u00a0\u00bb _builder_version=\u00a0\u00bb4.27.4&Prime; _module_preset=\u00a0\u00bba231445e-1450-4774-8be1-25ad2b3b58c2&Prime; global_colors_info=\u00a0\u00bb{}\u00a0\u00bb]Des partenariats de confiance bas\u00e9s sur la transparence et la coh\u00e9rence.[\/et_pb_blurb][\/et_pb_column][et_pb_column type=\u00a0\u00bb1_3&Prime; _builder_version=\u00a0\u00bb4.16&Prime; _module_preset=\u00a0\u00bbdefault\u00a0\u00bb custom_padding=\u00a0\u00bb|85px|||false|false\u00a0\u00bb custom_padding_tablet=\u00a0\u00bb|0px|||false|false\u00a0\u00bb custom_padding_phone=\u00a0\u00bb|0px|||false|false\u00a0\u00bb custom_padding_last_edited=\u00a0\u00bbon|desktop\u00a0\u00bb global_colors_info=\u00a0\u00bb{}\u00a0\u00bb][et_pb_blurb title=\u00a0\u00bbExpertise\u00a0\u00bb use_icon=\u00a0\u00bbon\u00a0\u00bb font_icon=\u00a0\u00bb&#xf00c;||fa||900&Prime; icon_color=\u00a0\u00bb#133372&Prime; image_icon_width=\u00a0\u00bb26px\u00a0\u00bb _builder_version=\u00a0\u00bb4.27.4&Prime; _module_preset=\u00a0\u00bba231445e-1450-4774-8be1-25ad2b3b58c2&Prime; global_colors_info=\u00a0\u00bb{}\u00a0\u00bb]Des d\u00e9cennies de savoir-faire et d&rsquo;exp\u00e9rience dans le secteur avicole.[\/et_pb_blurb][\/et_pb_column][\/et_pb_row][\/et_pb_section][et_pb_section fb_built=\u00a0\u00bb1&Prime; _builder_version=\u00a0\u00bb4.27.4&Prime; _module_preset=\u00a0\u00bbdefault\u00a0\u00bb background_enable_color=\u00a0\u00bboff\u00a0\u00bb background_image=\u00a0\u00bbhttps:\/\/verbeek-hi.com\/wp-content\/uploads\/about-verbeek-hi-2.webp\u00a0\u00bb custom_padding=\u00a0\u00bb0px||0px||false|false\u00a0\u00bb custom_padding_tablet=\u00a0\u00bb0px||0px||false|false\u00a0\u00bb custom_padding_phone=\u00a0\u00bb0px||0px||false|false\u00a0\u00bb background_last_edited=\u00a0\u00bboff|tablet\u00a0\u00bb background_size_tablet=\u00a0\u00bbcover\u00a0\u00bb global_colors_info=\u00a0\u00bb{}\u00a0\u00bb][et_pb_row use_custom_gutter=\u00a0\u00bbon\u00a0\u00bb gutter_width=\u00a0\u00bb4&Prime; _builder_version=\u00a0\u00bb4.27.4&Prime; _module_preset=\u00a0\u00bbdefault\u00a0\u00bb background_color=\u00a0\u00bb#FFFFFF\u00a0\u00bb vertical_offset=\u00a0\u00bb-1px\u00a0\u00bb width_tablet=\u00a0\u00bb100%\u00a0\u00bb width_phone=\u00a0\u00bb100%\u00a0\u00bb width_last_edited=\u00a0\u00bbon|phone\u00a0\u00bb max_width=\u00a0\u00bb1440px\u00a0\u00bb max_width_tablet=\u00a0\u00bb100%\u00a0\u00bb max_width_phone=\u00a0\u00bb100%\u00a0\u00bb max_width_last_edited=\u00a0\u00bbon|phone\u00a0\u00bb custom_padding=\u00a0\u00bb0px|0px|0px|0px|true|true\u00a0\u00bb border_radii=\u00a0\u00bboff|||80px|80px\u00a0\u00bb global_colors_info=\u00a0\u00bb{}\u00a0\u00bb][et_pb_column type=\u00a0\u00bb4_4&Prime; _builder_version=\u00a0\u00bb4.27.4&Prime; _module_preset=\u00a0\u00bbdefault\u00a0\u00bb global_colors_info=\u00a0\u00bb{}\u00a0\u00bb][et_pb_divider show_divider=\u00a0\u00bboff\u00a0\u00bb _builder_version=\u00a0\u00bb4.27.4&Prime; _module_preset=\u00a0\u00bbdefault\u00a0\u00bb height=\u00a0\u00bb80px\u00a0\u00bb custom_padding=\u00a0\u00bb|||205px||\u00a0\u00bb global_colors_info=\u00a0\u00bb{}\u00a0\u00bb][\/et_pb_divider][\/et_pb_column][\/et_pb_row][et_pb_row column_structure=\u00a0\u00bb1_2,1_2&Prime; use_custom_gutter=\u00a0\u00bbon\u00a0\u00bb custom_padding_last_edited=\u00a0\u00bbon|phone\u00a0\u00bb _builder_version=\u00a0\u00bb4.27.4&Prime; _module_preset=\u00a0\u00bbdefault\u00a0\u00bb max_width=\u00a0\u00bb1920px\u00a0\u00bb custom_padding=\u00a0\u00bb320px||320px||true|false\u00a0\u00bb custom_padding_tablet=\u00a0\u00bb160px||160px||true|false\u00a0\u00bb custom_padding_phone=\u00a0\u00bb80px||80px||true|false\u00a0\u00bb global_colors_info=\u00a0\u00bb{}\u00a0\u00bb][et_pb_column type=\u00a0\u00bb1_2&Prime; _builder_version=\u00a0\u00bb4.27.4&Prime; _module_preset=\u00a0\u00bbdefault\u00a0\u00bb global_colors_info=\u00a0\u00bb{}\u00a0\u00bb][\/et_pb_column][et_pb_column type=\u00a0\u00bb1_2&Prime; _builder_version=\u00a0\u00bb4.27.4&Prime; _module_preset=\u00a0\u00bbdefault\u00a0\u00bb global_colors_info=\u00a0\u00bb{}\u00a0\u00bb][et_pb_text _builder_version=\u00a0\u00bb4.27.4&Prime; _module_preset=\u00a0\u00bbdefault\u00a0\u00bb header_3_text_color=\u00a0\u00bb#FFFFFF\u00a0\u00bb custom_margin=\u00a0\u00bb0px||0px||true|false\u00a0\u00bb global_colors_info=\u00a0\u00bb{}\u00a0\u00bb]<\/p>\n<h3>Verbeek Hatcheries International \u2013 <strong>Soutenant votre croissance, \u00e0 l&rsquo;\u00e9chelle mondiale.<\/strong><\/h3>\n<p>[\/et_pb_text][\/et_pb_column][\/et_pb_row][\/et_pb_section]<\/p>\n","protected":false},"excerpt":{"rendered":"<p>\u00c0 propos de Verbeek Hatcheries InternationalVerbeek Hatcheries International se sp\u00e9cialise dans l&rsquo;exportation d&rsquo;\u0153ufs \u00e0 couver et de poussins d&rsquo;un jour de la plus haute qualit\u00e9 vers des march\u00e9s du monde entier. Forts de l&rsquo;h\u00e9ritage riche de Verbeek, nous continuons de respecter les normes les plus \u00e9lev\u00e9es en mati\u00e8re de g\u00e9n\u00e9tique avicole, garantissant \u00e0 nos clients [&hellip;]<\/p>\n","protected":false},"author":1,"featured_media":0,"parent":0,"menu_order":0,"comment_status":"closed","ping_status":"closed","template":"","meta":{"_et_pb_use_builder":"on","_et_pb_old_content":"","_et_gb_content_width":"","inline_featured_image":false,"footnotes":""},"class_list":["post-5791","page","type-page","status-publish","hentry"],"_links":{"self":[{"href":"https:\/\/verbeek-hi.com\/fr\/wp-json\/wp\/v2\/pages\/5791","targetHints":{"allow":["GET"]}}],"collection":[{"href":"https:\/\/verbeek-hi.com\/fr\/wp-json\/wp\/v2\/pages"}],"about":[{"href":"https:\/\/verbeek-hi.com\/fr\/wp-json\/wp\/v2\/types\/page"}],"author":[{"embeddable":true,"href":"https:\/\/verbeek-hi.com\/fr\/wp-json\/wp\/v2\/users\/1"}],"replies":[{"embeddable":true,"href":"https:\/\/verbeek-hi.com\/fr\/wp-json\/wp\/v2\/comments?post=5791"}],"version-history":[{"count":2,"href":"https:\/\/verbeek-hi.com\/fr\/wp-json\/wp\/v2\/pages\/5791\/revisions"}],"predecessor-version":[{"id":5793,"href":"https:\/\/verbeek-hi.com\/fr\/wp-json\/wp\/v2\/pages\/5791\/revisions\/5793"}],"wp:attachment":[{"href":"https:\/\/verbeek-hi.com\/fr\/wp-json\/wp\/v2\/media?parent=5791"}],"curies":[{"name":"wp","href":"https:\/\/api.w.org\/{rel}","templated":true}]}}