{"id":5800,"date":"2024-12-04T15:42:18","date_gmt":"2024-12-04T13:42:18","guid":{"rendered":"https:\/\/verbeek-hi.com\/demande-de-devis\/"},"modified":"2025-02-24T13:52:02","modified_gmt":"2025-02-24T11:52:02","slug":"demande-de-devis","status":"publish","type":"page","link":"https:\/\/verbeek-hi.com\/fr\/demande-de-devis\/","title":{"rendered":"Demande de devis"},"content":{"rendered":"<p>[et_pb_section fb_built=\u00a0\u00bb1&Prime; _builder_version=\u00a0\u00bb4.27.4&Prime; _module_preset=\u00a0\u00bbdefault\u00a0\u00bb background_color=\u00a0\u00bb#133372&Prime; background_enable_image=\u00a0\u00bboff\u00a0\u00bb z_index=\u00a0\u00bb1000&Prime; custom_padding=\u00a0\u00bb120px||420px||false|false\u00a0\u00bb custom_padding_tablet=\u00a0\u00bb80px||210px||false|false\u00a0\u00bb custom_padding_phone=\u00a0\u00bb40px||80px||false|false\u00a0\u00bb global_colors_info=\u00a0\u00bb{}\u00a0\u00bb theme_builder_area=\u00a0\u00bbpost_content\u00a0\u00bb][et_pb_row _builder_version=\u00a0\u00bb4.27.4&Prime; _module_preset=\u00a0\u00bbdefault\u00a0\u00bb max_width=\u00a0\u00bb1360px\u00a0\u00bb global_colors_info=\u00a0\u00bb{}\u00a0\u00bb theme_builder_area=\u00a0\u00bbpost_content\u00a0\u00bb][et_pb_column type=\u00a0\u00bb4_4&Prime; _builder_version=\u00a0\u00bb4.27.4&Prime; _module_preset=\u00a0\u00bbdefault\u00a0\u00bb global_colors_info=\u00a0\u00bb{}\u00a0\u00bb theme_builder_area=\u00a0\u00bbpost_content\u00a0\u00bb][et_pb_text _builder_version=\u00a0\u00bb4.27.4&Prime; _module_preset=\u00a0\u00bbdefault\u00a0\u00bb header_text_align=\u00a0\u00bbright\u00a0\u00bb header_text_color=\u00a0\u00bb#FFFFFF\u00a0\u00bb global_colors_info=\u00a0\u00bb{}\u00a0\u00bb theme_builder_area=\u00a0\u00bbpost_content\u00a0\u00bb]<\/p>\n<h1>Demande de devis<\/h1>\n<p>[\/et_pb_text][\/et_pb_column][\/et_pb_row][\/et_pb_section][et_pb_section fb_built=\u00a0\u00bb1&Prime; _builder_version=\u00a0\u00bb4.27.4&Prime; _module_preset=\u00a0\u00bbdefault\u00a0\u00bb background_color=\u00a0\u00bbRGBA(255,255,255,0)\u00a0\u00bb z_index=\u00a0\u00bb2000&Prime; min_height=\u00a0\u00bb100vh\u00a0\u00bb custom_padding=\u00a0\u00bb0px||100px||false|false\u00a0\u00bb custom_padding_tablet=\u00a0\u00bb60px||60px||true|false\u00a0\u00bb custom_padding_phone=\u00a0\u00bb40px||40px||true|false\u00a0\u00bb global_colors_info=\u00a0\u00bb{}\u00a0\u00bb theme_builder_area=\u00a0\u00bbpost_content\u00a0\u00bb][et_pb_row column_structure=\u00a0\u00bb1_3,2_3&Prime; custom_padding_last_edited=\u00a0\u00bbon|phone\u00a0\u00bb _builder_version=\u00a0\u00bb4.27.4&Prime; _module_preset=\u00a0\u00bbdefault\u00a0\u00bb background_color=\u00a0\u00bb#FFFFFF\u00a0\u00bb z_index=\u00a0\u00bb2100&Prime; width_tablet=\u00a0\u00bb90%\u00a0\u00bb width_phone=\u00a0\u00bb100%\u00a0\u00bb width_last_edited=\u00a0\u00bbon|tablet\u00a0\u00bb max_width=\u00a0\u00bb1440px\u00a0\u00bb custom_margin=\u00a0\u00bb-360px||||false|false\u00a0\u00bb custom_margin_tablet=\u00a0\u00bb-180px||||false|false\u00a0\u00bb custom_margin_phone=\u00a0\u00bb-100px||||false|false\u00a0\u00bb custom_margin_last_edited=\u00a0\u00bbon|phone\u00a0\u00bb custom_padding=\u00a0\u00bb80px|80px|80px|80px|true|true\u00a0\u00bb custom_padding_tablet=\u00a0\u00bb60px|60px|60px|60px|true|true\u00a0\u00bb custom_padding_phone=\u00a0\u00bb40px|40px|40px|40px|true|true\u00a0\u00bb border_radii=\u00a0\u00bboff|80px|80px||\u00a0\u00bb border_radii_tablet=\u00a0\u00bboff|79px|79px||\u00a0\u00bb border_radii_phone=\u00a0\u00bboff|40px|40px||\u00a0\u00bb border_radii_last_edited=\u00a0\u00bbon|tablet\u00a0\u00bb global_colors_info=\u00a0\u00bb{}\u00a0\u00bb theme_builder_area=\u00a0\u00bbpost_content\u00a0\u00bb][et_pb_column type=\u00a0\u00bb1_3&Prime; _builder_version=\u00a0\u00bb4.16&Prime; _module_preset=\u00a0\u00bbdefault\u00a0\u00bb global_colors_info=\u00a0\u00bb{}\u00a0\u00bb theme_builder_area=\u00a0\u00bbpost_content\u00a0\u00bb][et_pb_text _builder_version=\u00a0\u00bb4.27.4&Prime; _module_preset=\u00a0\u00bbdefault\u00a0\u00bb header_3_font=\u00a0\u00bb|700|||||||\u00a0\u00bb global_colors_info=\u00a0\u00bb{}\u00a0\u00bb theme_builder_area=\u00a0\u00bbpost_content\u00a0\u00bb]<\/p>\n<h3>Int\u00e9ress\u00e9 par nos \u0153ufs \u00e0 couver ou nos poussins d&rsquo;un jour ?<\/h3>\n<p>[\/et_pb_text][et_pb_text _builder_version=\u00a0\u00bb4.27.4&Prime; _module_preset=\u00a0\u00bbdefault\u00a0\u00bb global_colors_info=\u00a0\u00bb{}\u00a0\u00bb theme_builder_area=\u00a0\u00bbpost_content\u00a0\u00bb]Remplissez le formulaire ci-dessous pour recevoir un devis personnalis\u00e9. Notre \u00e9quipe examinera votre demande et vous contactera dans les 24 heures pour discuter de vos besoins et vous fournir un devis d\u00e9taill\u00e9. [\/et_pb_text][\/et_pb_column][et_pb_column type=\u00a0\u00bb2_3&Prime; _builder_version=\u00a0\u00bb4.16&Prime; _module_preset=\u00a0\u00bbdefault\u00a0\u00bb global_colors_info=\u00a0\u00bb{}\u00a0\u00bb theme_builder_area=\u00a0\u00bbpost_content\u00a0\u00bb][dsm_contact_form_7 cf7_library=\u00a0\u00bb5838&Prime; show_validation=\u00a0\u00bbon\u00a0\u00bb button_alignment=\u00a0\u00bbright\u00a0\u00bb input_background_color=\u00a0\u00bb#FFFFFF\u00a0\u00bb error_msg_background_color=\u00a0\u00bb#DC391F\u00a0\u00bb validation_error_background_color=\u00a0\u00bb#e2c21d\u00a0\u00bb validation_success_background_color=\u00a0\u00bb#1e7a00&Prime; _builder_version=\u00a0\u00bb4.27.4&Prime; _module_preset=\u00a0\u00bbdefault\u00a0\u00bb input_textarea_select_font=\u00a0\u00bbRoboto||||||||\u00a0\u00bb input_textarea_select_text_color=\u00a0\u00bb#133372&Prime; input_textarea_select_font_size=\u00a0\u00bb17px\u00a0\u00bb placeholder_text_color=\u00a0\u00bbrgba(19,51,114,0.35)\u00a0\u00bb placeholder_font_size=\u00a0\u00bb17px\u00a0\u00bb error_msg_font=\u00a0\u00bb|600|||||||\u00a0\u00bb error_msg_text_color=\u00a0\u00bb#FFFFFF\u00a0\u00bb error_validation_font=\u00a0\u00bb|600|||||||\u00a0\u00bb error_validation_text_color=\u00a0\u00bb#FFFFFF\u00a0\u00bb success_validation_text_color=\u00a0\u00bb#FFFFFF\u00a0\u00bb custom_button_one=\u00a0\u00bbon\u00a0\u00bb button_one_text_color=\u00a0\u00bb#FFFFFF\u00a0\u00bb button_one_bg_color=\u00a0\u00bb#DC391F\u00a0\u00bb button_one_border_width=\u00a0\u00bb0px\u00a0\u00bb button_one_border_color=\u00a0\u00bb#DC391F\u00a0\u00bb button_one_border_radius=\u00a0\u00bb30px\u00a0\u00bb button_one_custom_padding=\u00a0\u00bb10px|120px|10px|120px|true|true\u00a0\u00bb custom_padding=\u00a0\u00bb3px||3px||true|false\u00a0\u00bb hover_enabled=\u00a0\u00bb0&Prime; border_radii_image=\u00a0\u00bbon|30px|30px|30px|30px\u00a0\u00bb border_width_all_image=\u00a0\u00bb1px\u00a0\u00bb border_color_all_image=\u00a0\u00bb#133372&Prime; border_radii_error_msg=\u00a0\u00bbon|40px|40px|40px|40px\u00a0\u00bb border_width_all_error_msg=\u00a0\u00bb12px\u00a0\u00bb border_color_all_error_msg=\u00a0\u00bb#DC391F\u00a0\u00bb border_width_right_error_msg=\u00a0\u00bb30px\u00a0\u00bb border_width_left_error_msg=\u00a0\u00bb30px\u00a0\u00bb border_radii_error_validation=\u00a0\u00bbon|30px|30px|30px|30px\u00a0\u00bb border_width_all_error_validation=\u00a0\u00bb12px\u00a0\u00bb border_width_right_error_validation=\u00a0\u00bb30px\u00a0\u00bb border_width_left_error_validation=\u00a0\u00bb30px\u00a0\u00bb border_color_left_error_validation=\u00a0\u00bb#e2c21d\u00a0\u00bb border_radii_validation_success=\u00a0\u00bbon|30px|30px|30px|30px\u00a0\u00bb border_width_all_validation_success=\u00a0\u00bb12px\u00a0\u00bb border_color_all_validation_success=\u00a0\u00bb#1e7a00&Prime; border_width_right_validation_success=\u00a0\u00bb30px\u00a0\u00bb border_width_left_validation_success=\u00a0\u00bb30px\u00a0\u00bb global_colors_info=\u00a0\u00bb{}\u00a0\u00bb theme_builder_area=\u00a0\u00bbpost_content\u00a0\u00bb sticky_enabled=\u00a0\u00bb0&Prime;][\/dsm_contact_form_7][\/et_pb_column][\/et_pb_row][\/et_pb_section]<\/p>\n","protected":false},"excerpt":{"rendered":"<p>Demande de devisInt\u00e9ress\u00e9 par nos \u0153ufs \u00e0 couver ou nos poussins d&rsquo;un jour ?Remplissez le formulaire ci-dessous pour recevoir un devis personnalis\u00e9. Notre \u00e9quipe examinera votre demande et vous contactera dans les 24 heures pour discuter de vos besoins et vous fournir un devis d\u00e9taill\u00e9. <div class=\"et_pb_module dsm_contact_form_7 dsm_contact_form_7_0\">\n\t\t\t\t\n\t\t\t\t\n\t\t\t\t\n\t\t\t\t\n\t\t\t\t\n\t\t\t\t\n\t\t\t\t<div class=\"et_pb_module_inner\">\n\t\t\t\t\t<div class=\"\">\n\t\t\t\t<p class=\"wpcf7-contact-form-not-found\"><strong>Erreur\u00a0:<\/strong> Formulaire de contact non trouv\u00e9\u00a0!<\/p>\n\t\t\t<\/div>\n\t\t\t\t<\/div>\n\t\t\t<\/div><\/p>\n","protected":false},"author":1,"featured_media":0,"parent":0,"menu_order":0,"comment_status":"closed","ping_status":"closed","template":"","meta":{"_et_pb_use_builder":"on","_et_pb_old_content":"","_et_gb_content_width":"","inline_featured_image":false,"footnotes":""},"class_list":["post-5800","page","type-page","status-publish","hentry"],"_links":{"self":[{"href":"https:\/\/verbeek-hi.com\/fr\/wp-json\/wp\/v2\/pages\/5800","targetHints":{"allow":["GET"]}}],"collection":[{"href":"https:\/\/verbeek-hi.com\/fr\/wp-json\/wp\/v2\/pages"}],"about":[{"href":"https:\/\/verbeek-hi.com\/fr\/wp-json\/wp\/v2\/types\/page"}],"author":[{"embeddable":true,"href":"https:\/\/verbeek-hi.com\/fr\/wp-json\/wp\/v2\/users\/1"}],"replies":[{"embeddable":true,"href":"https:\/\/verbeek-hi.com\/fr\/wp-json\/wp\/v2\/comments?post=5800"}],"version-history":[{"count":3,"href":"https:\/\/verbeek-hi.com\/fr\/wp-json\/wp\/v2\/pages\/5800\/revisions"}],"predecessor-version":[{"id":5840,"href":"https:\/\/verbeek-hi.com\/fr\/wp-json\/wp\/v2\/pages\/5800\/revisions\/5840"}],"wp:attachment":[{"href":"https:\/\/verbeek-hi.com\/fr\/wp-json\/wp\/v2\/media?parent=5800"}],"curies":[{"name":"wp","href":"https:\/\/api.w.org\/{rel}","templated":true}]}}