{"id":5871,"date":"2022-05-16T12:17:31","date_gmt":"2022-05-16T10:17:31","guid":{"rendered":"https:\/\/verbeek-hi.com\/declaration-de-cookie\/"},"modified":"2025-02-24T14:22:12","modified_gmt":"2025-02-24T12:22:12","slug":"declaration-de-cookie","status":"publish","type":"page","link":"https:\/\/verbeek-hi.com\/fr\/declaration-de-cookie\/","title":{"rendered":"D\u00e9claration de cookie"},"content":{"rendered":"<p>[et_pb_section fb_built=\u00a0\u00bb1&Prime; custom_padding_last_edited=\u00a0\u00bboff|desktop\u00a0\u00bb _builder_version=\u00a0\u00bb4.27.4&Prime; _module_preset=\u00a0\u00bbdefault\u00a0\u00bb background_image=\u00a0\u00bbhttps:\/\/verbeek-hi.com\/wp-content\/uploads\/privacy-statement.webp\u00a0\u00bb background_position=\u00a0\u00bbbottom_center\u00a0\u00bb background_vertical_offset=\u00a0\u00bb40%\u00a0\u00bb custom_padding=\u00a0\u00bb0px||0px||true|false\u00a0\u00bb global_colors_info=\u00a0\u00bb{}\u00a0\u00bb][et_pb_row _builder_version=\u00a0\u00bb4.27.4&Prime; _module_preset=\u00a0\u00bbdefault\u00a0\u00bb global_colors_info=\u00a0\u00bb{}\u00a0\u00bb][et_pb_column type=\u00a0\u00bb4_4&Prime; _builder_version=\u00a0\u00bb4.27.4&Prime; _module_preset=\u00a0\u00bbdefault\u00a0\u00bb global_colors_info=\u00a0\u00bb{}\u00a0\u00bb][et_pb_divider show_divider=\u00a0\u00bboff\u00a0\u00bb _builder_version=\u00a0\u00bb4.27.4&Prime; _module_preset=\u00a0\u00bbdefault\u00a0\u00bb min_height=\u00a0\u00bb540px\u00a0\u00bb min_height_tablet=\u00a0\u00bb360px\u00a0\u00bb min_height_phone=\u00a0\u00bb240px\u00a0\u00bb min_height_last_edited=\u00a0\u00bbon|phone\u00a0\u00bb height_last_edited=\u00a0\u00bboff|desktop\u00a0\u00bb global_colors_info=\u00a0\u00bb{}\u00a0\u00bb][\/et_pb_divider][\/et_pb_column][\/et_pb_row][\/et_pb_section][et_pb_section fb_built=\u00a0\u00bb1&Prime; _builder_version=\u00a0\u00bb4.27.4&Prime; _module_preset=\u00a0\u00bbdefault\u00a0\u00bb custom_padding=\u00a0\u00bb100px||100px||true|false\u00a0\u00bb custom_padding_tablet=\u00a0\u00bb60px||60px||true|false\u00a0\u00bb custom_padding_phone=\u00a0\u00bb40px||40px||true|false\u00a0\u00bb global_colors_info=\u00a0\u00bb{}\u00a0\u00bb][et_pb_row _builder_version=\u00a0\u00bb4.27.4&Prime; _module_preset=\u00a0\u00bbdefault\u00a0\u00bb max_width=\u00a0\u00bb1220px\u00a0\u00bb custom_margin=\u00a0\u00bb||30px||false|false\u00a0\u00bb global_colors_info=\u00a0\u00bb{}\u00a0\u00bb][et_pb_column type=\u00a0\u00bb4_4&Prime; _builder_version=\u00a0\u00bb4.27.4&Prime; _module_preset=\u00a0\u00bbdefault\u00a0\u00bb global_colors_info=\u00a0\u00bb{}\u00a0\u00bb][et_pb_text _builder_version=\u00a0\u00bb4.27.4&Prime; _module_preset=\u00a0\u00bbdefault\u00a0\u00bb global_colors_info=\u00a0\u00bb{}\u00a0\u00bb]<\/p>\n<h1>D\u00e9claration de cookie<\/h1>\n<p>[\/et_pb_text][\/et_pb_column][\/et_pb_row][et_pb_row _builder_version=\u00a0\u00bb4.27.4&Prime; _module_preset=\u00a0\u00bbdefault\u00a0\u00bb max_width=\u00a0\u00bb1220px\u00a0\u00bb global_colors_info=\u00a0\u00bb{}\u00a0\u00bb][et_pb_column type=\u00a0\u00bb4_4&Prime; _builder_version=\u00a0\u00bb4.16&Prime; _module_preset=\u00a0\u00bbdefault\u00a0\u00bb global_colors_info=\u00a0\u00bb{}\u00a0\u00bb][et_pb_text _builder_version=\u00a0\u00bb4.27.4&Prime; _module_preset=\u00a0\u00bbdefault\u00a0\u00bb header_3_font=\u00a0\u00bb|700|||||||\u00a0\u00bb header_3_font_size=\u00a0\u00bb22px\u00a0\u00bb header_3_font_size_tablet=\u00a0\u00bb24px\u00a0\u00bb header_3_font_size_phone=\u00a0\u00bb18px\u00a0\u00bb global_colors_info=\u00a0\u00bb{}\u00a0\u00bb]<\/p>\n<h3>1. L&rsquo;utilisation de cookies<\/h3>\n<p>https:\/\/www.verbeek-hi.com\/ utilise des cookies. Un cookie est un simple petit fichier envoy\u00e9 avec les pages de ce site web et\/ou les applications Flash et stock\u00e9 par votre navigateur sur le disque dur de votre ordinateur, de votre t\u00e9l\u00e9phone portable, de votre smartwatch ou de votre tablette. Les informations qu&rsquo;il contient peuvent \u00eatre renvoy\u00e9es \u00e0 nos serveurs lors de votre prochaine visite.  <\/p>\n<p>L&rsquo;utilisation de cookies est tr\u00e8s importante pour le bon fonctionnement de notre site web, mais les cookies dont vous ne voyez pas imm\u00e9diatement l&rsquo;effet sont \u00e9galement tr\u00e8s importants. Gr\u00e2ce \u00e0 l&rsquo;apport (anonyme) des visiteurs, nous pouvons am\u00e9liorer l&rsquo;utilisation du site web et le rendre plus convivial. <\/p>\n<h3>2. Autorisation d&rsquo;utiliser des cookies<\/h3>\n<p>L&rsquo;utilisation de certains cookies n\u00e9cessite votre autorisation. Pour ce faire, nous utilisons ce que l&rsquo;on appelle une banni\u00e8re de cookies. <\/p>\n<h3>3. Les types de cookies utilis\u00e9s et leur finalit\u00e9<\/h3>\n<p>Nous utilisons les types de cookies suivants :<\/p>\n<p>Cookies fonctionnels : ils nous permettent d&rsquo;am\u00e9liorer le fonctionnement du site web et de le rendre plus convivial pour les visiteurs. Par exemple : nous stockons vos donn\u00e9es de connexion ou ce que vous mettez dans votre panier d&rsquo;achat.<br \/>Cookies analytiques : ils garantissent qu&rsquo;un cookie anonyme est g\u00e9n\u00e9r\u00e9 chaque fois que vous visitez un site web. Ces cookies savent si vous avez d\u00e9j\u00e0 visit\u00e9 le site ou non. Ce n&rsquo;est que lors de la premi\u00e8re visite qu&rsquo;un cookie est g\u00e9n\u00e9r\u00e9 ; lors des visites suivantes, le cookie d\u00e9j\u00e0 existant est utilis\u00e9. Ce cookie est utilis\u00e9 \u00e0 des fins statistiques uniquement. Il permet de collecter les donn\u00e9es suivantes<br \/>&#8211; le nombre de visiteurs uniques<br \/>&#8211; la fr\u00e9quence \u00e0 laquelle les utilisateurs visitent le site<br \/>&#8211; les pages consult\u00e9es par les utilisateurs<br \/>&#8211; la dur\u00e9e de consultation d&rsquo;une page par les utilisateurs<br \/>&#8211; \u00e0 quelle page les visiteurs quittent le site<br \/>Own Tracking cookies : ils nous permettent de savoir que vous avez visit\u00e9 le(s) site(s) web concern\u00e9(s) de notre r\u00e9seau en plus de notre site web. Le profil qui en r\u00e9sulte n&rsquo;est pas li\u00e9 \u00e0 votre nom, votre adresse, votre adresse \u00e9lectronique et autres, mais sert uniquement \u00e0 adapter les publicit\u00e9s \u00e0 votre profil de mani\u00e8re \u00e0 ce qu&rsquo;elles soient aussi pertinentes que possible pour vous. Nous vous demandons votre autorisation pour ces cookies. Sans votre autorisation, ces cookies ne seront pas plac\u00e9s.<br \/>Les cookies de suivi d&rsquo;autres personnes : Ces cookies suivent les pages que vous visitez sur l&rsquo;internet afin d&rsquo;\u00e9tablir votre profil personnel. Ce profil n&rsquo;est pas li\u00e9 \u00e0 votre nom, votre adresse, votre adresse \u00e9lectronique et d&rsquo;autres informations similaires dont nous avons connaissance, mais sert uniquement \u00e0 adapter les publicit\u00e9s \u00e0 votre profil afin qu&rsquo;elles soient aussi pertinentes que possible pour vous. Nous vous demandons votre autorisation pour ces cookies. Sans votre autorisation, ces cookies ne seront pas plac\u00e9s.<br \/>Cookies li\u00e9s aux m\u00e9dias sociaux : ils permettent aux m\u00e9dias sociaux tels que Facebook et LinkedIn d&rsquo;enregistrer les articles et les pages que vous partagez via leurs boutons de partage des m\u00e9dias sociaux. Ils peuvent \u00e9galement contenir des cookies de suivi qui suivent votre comportement de navigation sur le web.<br \/>Cookies d&rsquo;am\u00e9lioration du site : ils nous permettent de tester diff\u00e9rentes versions d&rsquo;une page web pour voir quelle est la page la plus visit\u00e9e.            <\/p>\n<h3>4. Vos droits relatifs \u00e0 vos donn\u00e9es<\/h3>\n<p>Vous disposez d&rsquo;un droit d&rsquo;acc\u00e8s, de rectification, de limitation et de suppression des donn\u00e9es \u00e0 caract\u00e8re personnel. Vous disposez \u00e9galement d&rsquo;un droit d&rsquo;opposition au traitement des donn\u00e9es \u00e0 caract\u00e8re personnel et d&rsquo;un droit \u00e0 la portabilit\u00e9 des donn\u00e9es. Vous pouvez exercer ces droits en nous envoyant un courrier \u00e9lectronique \u00e0 l&rsquo;adresse info@verbeek-hi.com. Pour \u00e9viter les abus, nous pouvons vous demander de fournir une identification ad\u00e9quate. En ce qui concerne l&rsquo;acc\u00e8s aux donn\u00e9es \u00e0 caract\u00e8re personnel li\u00e9es \u00e0 un cookie, nous vous demandons d&rsquo;envoyer une copie du cookie en question. Vous trouverez cela dans les param\u00e8tres de votre navigateur.     <\/p>\n<h3>5. Blocage et suppression des cookies<\/h3>\n<p>Vous pouvez facilement bloquer et supprimer les cookies vous-m\u00eame \u00e0 tout moment via votre navigateur internet. Vous pouvez \u00e9galement param\u00e9trer votre navigateur Internet pour qu&rsquo;il vous avertisse lorsqu&rsquo;un cookie est plac\u00e9. Vous pouvez \u00e9galement indiquer que certains cookies ne peuvent pas \u00eatre plac\u00e9s. Consultez la fonction d&rsquo;aide de votre navigateur pour conna\u00eetre cette option. Si vous supprimez les cookies dans votre navigateur, cela peut affecter l&rsquo;utilisation agr\u00e9able de ce site web.    <\/p>\n<p>Certains cookies de suivi sont plac\u00e9s par des tiers qui, entre autres, vous pr\u00e9sentent des publicit\u00e9s sur notre site web. Vous pouvez supprimer ces cookies de mani\u00e8re centralis\u00e9e sur www.youronlinechoices.eu. <\/p>\n<p>Sachez que si vous refusez les cookies, nous ne pouvons plus garantir le bon fonctionnement de notre site web. Certaines fonctions du site peuvent \u00eatre perdues ou vous pouvez ne pas \u00eatre en mesure de visiter le site web. En outre, le fait de refuser les cookies ne signifie pas que vous ne verrez plus de publicit\u00e9s. Les publicit\u00e9s ne seront plus adapt\u00e9es \u00e0 vos int\u00e9r\u00eats et pourront donc \u00eatre r\u00e9p\u00e9t\u00e9es plus souvent.   <\/p>\n<p>La mani\u00e8re de r\u00e9gler vos param\u00e8tres varie d&rsquo;un navigateur \u00e0 l&rsquo;autre. Consultez la fonction d&rsquo;aide de votre navigateur si n\u00e9cessaire, ou cliquez sur l&rsquo;une des ic\u00f4nes ci-dessous pour acc\u00e9der directement au manuel de votre navigateur.<br \/>&#8211; Firefox : https:\/\/support.mozilla.org\/nl\/kb\/cookies-verwijderen-gegevens-wissen-websites-opgeslagen<br \/>&#8211; Google Chrome : https:\/\/support.google.com\/chrome\/answer\/95647?co=GENIE.Platform=Desktop&amp;hl=fr<br \/>&#8211; Internet Explorer : https:\/\/support.microsoft.com\/nl-nl\/kb\/278835<br \/>&#8211; Safari : https:\/\/support.apple.com\/kb\/ph21411?locale=nl_NL <\/p>\n<h3>6. Nouveaux d\u00e9veloppements et cookies impr\u00e9vus<\/h3>\n<p>Les textes de notre site web peuvent \u00eatre modifi\u00e9s \u00e0 tout moment en raison des d\u00e9veloppements en cours. Il en va de m\u00eame pour notre d\u00e9claration relative aux cookies. Nous vous invitons donc \u00e0 consulter r\u00e9guli\u00e8rement cette d\u00e9claration afin d&rsquo;\u00eatre inform\u00e9 de tout changement.  <\/p>\n<p>Les articles de blog peuvent utiliser des contenus h\u00e9berg\u00e9s sur d&rsquo;autres sites et accessibles sur https:\/\/www.verbeek-hi.com\/ au moyen de certains codes (contenus int\u00e9gr\u00e9s). Pensez par exemple aux vid\u00e9os de YouTube. Ces codes utilisent souvent des cookies. Cependant, nous n&rsquo;avons aucun contr\u00f4le sur ce que ces tiers font avec leurs cookies.   <\/p>\n<p>Il est \u00e9galement possible que des cookies soient plac\u00e9s via nos sites web par d&rsquo;autres personnes, ce dont nous ne sommes pas toujours conscients. Avez-vous rencontr\u00e9 sur notre site web des cookies impr\u00e9vus que vous ne trouvez pas dans notre aper\u00e7u ? Faites-le nous savoir \u00e0 l&rsquo;adresse info@verbeek-hi.com. Vous pouvez \u00e9galement contacter directement le tiers concern\u00e9 et lui demander quels sont les cookies qu&rsquo;il place, la raison de ce placement, la dur\u00e9e de vie du cookie et la mani\u00e8re dont il a garanti votre vie priv\u00e9e.   <\/p>\n<h3>7. Remarques finales<\/h3>\n<p>Nous devrons mettre \u00e0 jour ces d\u00e9clarations de temps \u00e0 autre, par exemple lorsque nous mettons \u00e0 jour notre site web ou lorsque les r\u00e8gles relatives aux cookies changent. Vous pouvez consulter cette page web pour obtenir la derni\u00e8re version. <\/p>\n<p>Si vous avez d&rsquo;autres questions et\/ou commentaires, veuillez contacter info@verbeek-hi.com.<\/p>\n<p>d\u00e9cembre 2024<\/p>\n<p>[\/et_pb_text][\/et_pb_column][\/et_pb_row][\/et_pb_section]<\/p>\n","protected":false},"excerpt":{"rendered":"<p>D\u00e9claration de cookie1. L&rsquo;utilisation de cookies https:\/\/www.verbeek-hi.com\/ utilise des cookies. Un cookie est un simple petit fichier envoy\u00e9 avec les pages de ce site web et\/ou les applications Flash et stock\u00e9 par votre navigateur sur le disque dur de votre ordinateur, de votre t\u00e9l\u00e9phone portable, de votre smartwatch ou de votre tablette. Les informations qu&rsquo;il [&hellip;]<\/p>\n","protected":false},"author":1,"featured_media":0,"parent":0,"menu_order":0,"comment_status":"closed","ping_status":"closed","template":"","meta":{"_et_pb_use_builder":"on","_et_pb_old_content":"","_et_gb_content_width":"","inline_featured_image":false,"footnotes":""},"class_list":["post-5871","page","type-page","status-publish","hentry"],"_links":{"self":[{"href":"https:\/\/verbeek-hi.com\/fr\/wp-json\/wp\/v2\/pages\/5871","targetHints":{"allow":["GET"]}}],"collection":[{"href":"https:\/\/verbeek-hi.com\/fr\/wp-json\/wp\/v2\/pages"}],"about":[{"href":"https:\/\/verbeek-hi.com\/fr\/wp-json\/wp\/v2\/types\/page"}],"author":[{"embeddable":true,"href":"https:\/\/verbeek-hi.com\/fr\/wp-json\/wp\/v2\/users\/1"}],"replies":[{"embeddable":true,"href":"https:\/\/verbeek-hi.com\/fr\/wp-json\/wp\/v2\/comments?post=5871"}],"version-history":[{"count":2,"href":"https:\/\/verbeek-hi.com\/fr\/wp-json\/wp\/v2\/pages\/5871\/revisions"}],"predecessor-version":[{"id":5873,"href":"https:\/\/verbeek-hi.com\/fr\/wp-json\/wp\/v2\/pages\/5871\/revisions\/5873"}],"wp:attachment":[{"href":"https:\/\/verbeek-hi.com\/fr\/wp-json\/wp\/v2\/media?parent=5871"}],"curies":[{"name":"wp","href":"https:\/\/api.w.org\/{rel}","templated":true}]}}